{"id":3285,"date":"2024-08-22T10:49:23","date_gmt":"2024-08-22T07:49:23","guid":{"rendered":"https:\/\/soothehotels.com\/?page_id=3285"},"modified":"2024-08-22T10:50:50","modified_gmt":"2024-08-22T07:50:50","slug":"important-information","status":"publish","type":"page","link":"https:\/\/soothehotels.com\/tr\/important-information\/","title":{"rendered":"\u00d6nemli Bilgiler"},"content":{"rendered":"<p>De\u011ferli misafirlerimiz, konaklaman\u0131z\u0131 daha iyi hale getirmek i\u00e7in bu sayfaya baz\u0131 notlar ve \u00e7al\u0131\u015fma saatlerimizi ekledik. G\u00fczel bir tatil dileriz.<\/p>\n<p>&nbsp;<\/p>\n<ul>\n<li>Check-in saati 14:00, son check-out saati 11:00'dir.<\/li>\n<li>Sadece otel odalar\u0131na g\u00fcnl\u00fck olarak temizlik hizmeti verilmektedir. Temizlik saatleri 09:00-16:00.<\/li>\n<li>Penthouse 1, Penthouse 2 ve Garden Apart'ta konaklayan misafirlerden housekeeping hizmeti ekstra \u00fccretlendirilmekte olup, hizmetten yararlanmak i\u00e7in resepsiyona bilgi verilmesi gerekmektedir.<\/li>\n<li>Yap\u0131lan rezervasyonlara var\u0131\u015f g\u00fcn\u00fc kahvalt\u0131 dahil de\u011fildir. Check-in g\u00fcn\u00fc kahvalt\u0131ya kat\u0131lmak isteyen konuklar\u0131n, m\u00fcsaitlik durumu ve fiyatland\u0131rma i\u00e7in otelle \u00f6nceden irtibata ge\u00e7meleri gerekmektedir.<\/li>\n<li>Otel odalar\u0131nda bulunan minibarlar, otel \u00fcr\u00fcnlerinin misafirlerimize sunulmas\u0131 i\u00e7indir. Buzdolab\u0131 olarak servis vermemektedir. Minibarda bulunmayan veya ambalaj\u0131 a\u00e7\u0131lm\u0131\u015f olan \u00fcr\u00fcnler oda hesab\u0131n\u0131za eklenecektir. L\u00fctfen kullanmad\u0131\u011f\u0131n\u0131z \u00fcr\u00fcnlerin yerini de\u011fi\u015ftirmeyin ve \u00fcr\u00fcnlerin kald\u0131r\u0131lmas\u0131n\u0131 istemeyin.<\/li>\n<li>Odalarda bulunan havlular banyo kullan\u0131m\u0131 i\u00e7indir. L\u00fctfen havuz ve plajda beyaz havlular\u0131 kullanmay\u0131n\u0131z. Bu durum hijyen a\u00e7\u0131s\u0131ndan sa\u011fl\u0131k riski olu\u015fturabilece\u011fi i\u00e7in uygun de\u011fildir. Otel havuzunda kullanmak i\u00e7in  havuz bardan havlu isteyebilirsiniz. Ayr\u0131ca havlu sat\u0131n almak istiyorsan\u0131z resepsiyon ile ileti\u015fime ge\u00e7ebilirsiniz.<\/li>\n<li>Konaklaman\u0131z s\u0131ras\u0131nda nevresim, havlu, \u00e7ar\u015faf, oda ekipmanlar\u0131 i\u00e7in \u00f6zenli olman\u0131z\u0131 rica ederiz. Maalesef kullan\u0131lamaz hale gelen her \u015fey d\u00fcnyam\u0131z i\u00e7in at\u0131k olmaktan ba\u015fka bir \u015feye yaram\u0131yor. Bu gibi durumlar i\u00e7in misafirlerimizi rahats\u0131z etmek istemiyoruz ancak geri d\u00f6n\u00fc\u015ft\u00fcrelemeyen durumlarda maalesef \u00fccret yans\u0131tmak zorunda kal\u0131yoruz ve d\u00fcnyam\u0131za at\u0131klar b\u0131rakm\u0131\u015f oluyoruz. Bu durum i\u00e7in sizden ekstra hassasiyet istemek durumunday\u0131z.<\/li>\n<li>Spor salonu \u00e7al\u0131\u015fma saati 08:00-21:00<\/li>\n<li>Kahvalt\u0131 dahil konaklama se\u00e7eneklerinde alkoll\u00fc ve alkols\u00fcz i\u00e7ecekler ekstra olarak \u00fccretlendirilir.<\/li>\n<\/ul>\n<p><strong><u>Breakfast services can be served as a la carte, open buffet or fixed menu depending on the number of guests.<\/u><\/strong><\/p>\n<p>&nbsp;<\/p>\n<ul>\n<li>Resepsiyon 24 saat a\u00e7\u0131kt\u0131r.<\/li>\n<li>Lobby Bar open 24 hours.<\/li>\n<li>Breakfast : 08:00-10:00<\/li>\n<li>Pool: 08:00-19:30<\/li>\n<li>Beach : 08:00-19:30<\/li>\n<li>Pool Bar : 10:00-23:59<\/li>\n<li>Room Service : 11:00-22:00<\/li>\n<li>Housekeeping : 09:00-16:00<\/li>\n<li>Black Terrace (Rooftop Restaurant) : 19:30-23:59<\/li>\n<\/ul>","protected":false},"excerpt":{"rendered":"<p>Dear guests, we have added some notes and our working hours to this page to make your stay better. We wish you a nice holiday. &nbsp; Check-in start at 14:00, last check-out time is 11:00 Housekeeping service is provided to the only hotel rooms on a daily basis. Housekeeping hours 09:00-16:00. Housekeeping service is charged [&hellip;]<\/p>\n","protected":false},"author":4,"featured_media":0,"parent":0,"menu_order":0,"comment_status":"closed","ping_status":"closed","template":"","meta":{"inline_featured_image":false,"advanced_seo_description":"","jetpack_seo_html_title":"","jetpack_seo_noindex":false,"footnotes":""},"class_list":["post-3285","page","type-page","status-publish","hentry"],"jetpack_sharing_enabled":true,"_links":{"self":[{"href":"https:\/\/soothehotels.com\/tr\/wp-json\/wp\/v2\/pages\/3285","targetHints":{"allow":["GET"]}}],"collection":[{"href":"https:\/\/soothehotels.com\/tr\/wp-json\/wp\/v2\/pages"}],"about":[{"href":"https:\/\/soothehotels.com\/tr\/wp-json\/wp\/v2\/types\/page"}],"author":[{"embeddable":true,"href":"https:\/\/soothehotels.com\/tr\/wp-json\/wp\/v2\/users\/4"}],"replies":[{"embeddable":true,"href":"https:\/\/soothehotels.com\/tr\/wp-json\/wp\/v2\/comments?post=3285"}],"version-history":[{"count":3,"href":"https:\/\/soothehotels.com\/tr\/wp-json\/wp\/v2\/pages\/3285\/revisions"}],"predecessor-version":[{"id":3289,"href":"https:\/\/soothehotels.com\/tr\/wp-json\/wp\/v2\/pages\/3285\/revisions\/3289"}],"wp:attachment":[{"href":"https:\/\/soothehotels.com\/tr\/wp-json\/wp\/v2\/media?parent=3285"}],"curies":[{"name":"wp","href":"https:\/\/api.w.org\/{rel}","templated":true}]}}