{"id":25,"date":"2018-02-17T13:08:13","date_gmt":"2018-02-17T13:08:13","guid":{"rendered":"http:\/\/demo.zantetheme.com\/?page_id=25"},"modified":"2023-06-11T10:46:02","modified_gmt":"2023-06-11T07:46:02","slug":"about-us","status":"publish","type":"page","link":"https:\/\/soothehotels.com\/tr\/about-us\/","title":{"rendered":"Hakk\u0131m\u0131zda"},"content":{"rendered":"<div class=\"wpb-content-wrapper\"><div data-vc-full-width=\"true\" data-vc-full-width-temp=\"true\" data-vc-full-width-init=\"false\" class=\"vc_row wpb_row vc_row-fluid vc_custom_1531729276201\"><div class=\"wpb_column vc_column_container vc_col-sm-6\"><div class=\"vc_column-inner\"><div class=\"wpb_wrapper\">\t\t\t<div\r\n\t\t\t\tclass=\"main_title  text-left\">\r\n\t\t\t\t<h2 class=\"title\">SOOTHE HOTEL KURULU\u015e 2016<\/h2>\r\n\t\t\t\t\t\t\t\t\t<p class=\"main_description\">Y\u00fcksek kaliteli konaklama hizmetleri.<\/p>\r\n\t\t\t\t\t\t\t<\/div>\r\n\t\t\n\t<div class=\"wpb_text_column wpb_content_element\" >\n\t\t<div class=\"wpb_wrapper\">\n\t\t\t<p>Soothe Hotel, Antalya'n\u0131n Kalkan b\u00f6lgesinde, Kalamar koyunda, denize 200 metre mesafede, deniz suyu havuzu, \u00f6zel anla\u015fmal\u0131 plaj\u0131, bar\u0131 ve a\u00e7\u0131k hava restoran\u0131 bulunan bir oteldir. Otelimiz genel olarak deniz manzaral\u0131d\u0131r. Misafirlerimiz kahvalt\u0131 dahil a\u00e7\u0131k b\u00fcfe servisimizden yararlanabilirler.<\/p>\n<p>Havuzumuz deniz suyu ile doldurulmakta olup, suyu g\u00fcnl\u00fck olarak yenilenmektedir. Ayr\u0131ca \u00e7ocuk havuzumuz minik misafirlerimiz i\u00e7in deniz suyu ile doldurulmaktad\u0131r. Havuzumuza e\u015flik eden jakuzimiz de bulunmaktad\u0131r.<\/p>\n<p>Spor salonumuz, saunam\u0131z ve e\u015fsiz manzaras\u0131m\u0131z ile misafirlerimizi bekliyoruz.<\/p>\n\n\t\t<\/div>\n\t<\/div>\n<\/div><\/div><\/div><div class=\"wpb_column vc_column_container vc_col-sm-6\"><div class=\"vc_column-inner\"><div class=\"wpb_wrapper\">\r\n        <div class=\"image-3d-effect\">\r\n          <div class=\"side left\"><\/div>\r\n          <div class=\"side right\"><\/div>\r\n          <div class=\"images\">\r\n                        <div class=\"front-image\" style=\"background-image: url(https:\/\/soothehotels.com\/wp-content\/uploads\/2023\/04\/1-2-scaled.jpg)\"><\/div>\r\n                                    <div class=\"back-image\" style=\"background-image: url(https:\/\/soothehotels.com\/wp-content\/uploads\/2023\/04\/14-scaled.jpg)\"><\/div>\r\n                      <\/div>\r\n        <\/div>\r\n\r\n\r\n\r\n        <\/div><\/div><\/div><\/div><div class=\"vc_row-full-width vc_clearfix\"><\/div><div class=\"vc_row wpb_row vc_row-fluid\"><div class=\"wpb_column vc_column_container vc_col-sm-12\"><div class=\"vc_column-inner\"><div class=\"wpb_wrapper\"><div class=\"vc_row wpb_row vc_inner vc_row-fluid\"><div class=\"wpb_column vc_column_container vc_col-sm-3\"><div class=\"vc_column-inner\"><div class=\"wpb_wrapper\">\r\n          <div class=\"countup-item\">\r\n            <img data-recalc-dims=\"1\" decoding=\"async\" draggable=\"false\" src=\"https:\/\/i0.wp.com\/soothehotels.com\/wp-content\/uploads\/2018\/07\/restaurant-1.png?w=870&#038;ssl=1\">\r\n            <span class=\"number\" data-count=\"70\">70<\/span>\r\n            <div class=\"text\">ODALAR<\/div>\r\n          <\/div>\r\n\r\n\r\n        <\/div><\/div><\/div><div class=\"wpb_column vc_column_container vc_col-sm-3\"><div class=\"vc_column-inner\"><div class=\"wpb_wrapper\">\r\n          <div class=\"countup-item\">\r\n            <img data-recalc-dims=\"1\" decoding=\"async\" draggable=\"false\" src=\"https:\/\/i0.wp.com\/soothehotels.com\/wp-content\/uploads\/2018\/07\/rooms-1.png?w=870&#038;ssl=1\">\r\n            <span class=\"number\" data-count=\"2\">2<\/span>\r\n            <div class=\"text\">RESTORAN<\/div>\r\n          <\/div>\r\n\r\n\r\n        <\/div><\/div><\/div><div class=\"wpb_column vc_column_container vc_col-sm-3\"><div class=\"vc_column-inner\"><div class=\"wpb_wrapper\">\r\n          <div class=\"countup-item\">\r\n            <img data-recalc-dims=\"1\" decoding=\"async\" draggable=\"false\" src=\"https:\/\/i0.wp.com\/soothehotels.com\/wp-content\/uploads\/2018\/07\/staff-1.png?w=870&#038;ssl=1\">\r\n            <span class=\"number\" data-count=\"25\">25<\/span>\r\n            <div class=\"text\">PERSONEL<\/div>\r\n          <\/div>\r\n\r\n\r\n        <\/div><\/div><\/div><div class=\"wpb_column vc_column_container vc_col-sm-3\"><div class=\"vc_column-inner\"><div class=\"wpb_wrapper\">\r\n          <div class=\"countup-item\">\r\n            <img data-recalc-dims=\"1\" decoding=\"async\" draggable=\"false\" src=\"https:\/\/i0.wp.com\/soothehotels.com\/wp-content\/uploads\/2018\/07\/swimming-pool-2.png?w=870&#038;ssl=1\">\r\n            <span class=\"number\" data-count=\"1\">1<\/span>\r\n            <div class=\"text\">Y\u00dcZME HAVUZU<\/div>\r\n          <\/div>\r\n\r\n\r\n        <\/div><\/div><\/div><\/div><div class=\"vc_empty_space\"   style=\"height: 50px\"><span class=\"vc_empty_space_inner\"><\/span><\/div><div class=\"vc_empty_space\"   style=\"height: 50px\"><span class=\"vc_empty_space_inner\"><\/span><\/div><\/div><\/div><\/div><\/div>\n<\/div>","protected":false},"excerpt":{"rendered":"SOOTHE HOTEL SINCE 2016 High quality accommodation services. Soothe Hotel is a hotel located in the Kalkan region of Antalya, in Kalamar bay, 200 meters from the sea, with a sea water pool, a private contracted beach, a bar and an open-air restaurant. Our hotel generally has a sea view. Our guests can benefit from [...]","protected":false},"author":1,"featured_media":0,"parent":0,"menu_order":0,"comment_status":"closed","ping_status":"closed","template":"","meta":{"inline_featured_image":false,"advanced_seo_description":"","jetpack_seo_html_title":"","jetpack_seo_noindex":false,"footnotes":""},"class_list":["post-25","page","type-page","status-publish","hentry"],"jetpack_sharing_enabled":true,"_links":{"self":[{"href":"https:\/\/soothehotels.com\/tr\/wp-json\/wp\/v2\/pages\/25","targetHints":{"allow":["GET"]}}],"collection":[{"href":"https:\/\/soothehotels.com\/tr\/wp-json\/wp\/v2\/pages"}],"about":[{"href":"https:\/\/soothehotels.com\/tr\/wp-json\/wp\/v2\/types\/page"}],"author":[{"embeddable":true,"href":"https:\/\/soothehotels.com\/tr\/wp-json\/wp\/v2\/users\/1"}],"replies":[{"embeddable":true,"href":"https:\/\/soothehotels.com\/tr\/wp-json\/wp\/v2\/comments?post=25"}],"version-history":[{"count":7,"href":"https:\/\/soothehotels.com\/tr\/wp-json\/wp\/v2\/pages\/25\/revisions"}],"predecessor-version":[{"id":2899,"href":"https:\/\/soothehotels.com\/tr\/wp-json\/wp\/v2\/pages\/25\/revisions\/2899"}],"wp:attachment":[{"href":"https:\/\/soothehotels.com\/tr\/wp-json\/wp\/v2\/media?parent=25"}],"curies":[{"name":"wp","href":"https:\/\/api.w.org\/{rel}","templated":true}]}}