{"id":1206,"date":"2018-06-03T01:21:35","date_gmt":"2018-06-03T01:21:35","guid":{"rendered":"http:\/\/demo.zantetheme.com\/?page_id=1206"},"modified":"2025-12-15T12:27:32","modified_gmt":"2025-12-15T09:27:32","slug":"accomodation","status":"publish","type":"page","link":"https:\/\/soothehotels.com\/tr\/accomodation\/","title":{"rendered":"Konaklama"},"content":{"rendered":"<div class=\"wpb-content-wrapper\"><div class=\"vc_row wpb_row vc_row-fluid\"><div class=\"wpb_column vc_column_container vc_col-sm-12\"><div class=\"vc_column-inner\"><div class=\"wpb_wrapper\">\n\t<div class=\"wpb_text_column wpb_content_element\" >\n\t\t<div class=\"wpb_wrapper\">\n\t\t\t<p>Soothe Hotel olarak siz de\u011ferli misafirlerimizi Antalya ili Ka\u015f \/ Kalkan il\u00e7esi Kalamar Koyu destinasyonunda muhte\u015fem bir manzara e\u015fli\u011finde a\u011f\u0131rlamaktan heyecan duyuyoruz.<\/p>\n<p>De\u011ferli misafirlerimiz, otelimizde konaklayan misafirlerimizin \u00f6ncelikle B) Konaklama s\u0131ras\u0131nda b\u00f6l\u00fcm\u00fcn\u00fc okumas\u0131n\u0131, rezervasyon yapmak isteyen misafirlerimizin de b\u00fct\u00fcn b\u00f6l\u00fcmleri okumas\u0131n\u0131 rica ederiz.<\/p>\n<p>A) Rezervasyon ve Konaklama \u00d6ncesi<\/p>\n<p data-start=\"79\" data-end=\"214\">Soothe Hotel olarak gezegenimize b\u00fcy\u00fck \u00f6nem veriyor ve s\u00fcrd\u00fcr\u00fclebilir turizme kendimizi adad\u0131k. Deste\u011finizle fark yaratabiliriz.<\/p>\n<p data-start=\"216\" data-end=\"225\">L\u00fctfen<\/p>\n<ul data-start=\"226\" data-end=\"357\">\n<li data-start=\"226\" data-end=\"283\">\n<p data-start=\"228\" data-end=\"283\"><strong data-start=\"228\" data-end=\"253\">Odada olmad\u0131\u011f\u0131n\u0131zda oda kart\u0131n\u0131z\u0131 \u00e7\u0131kar\u0131n.<\/strong> when you&#8217;re not in the room<\/p>\n<\/li>\n<li data-start=\"284\" data-end=\"311\">\n<p data-start=\"286\" data-end=\"311\"><strong data-start=\"286\" data-end=\"309\">Suyu bilin\u00e7li kullan\u0131n.<\/strong><\/p>\n<\/li>\n<li data-start=\"312\" data-end=\"357\">\n<p data-start=\"314\" data-end=\"357\"><strong data-start=\"314\" data-end=\"357\">Gereksiz ka\u011f\u0131t kullan\u0131m\u0131ndan ka\u00e7\u0131n\u0131n.<\/strong><\/p>\n<\/li>\n<\/ul>\n<p data-start=\"359\" data-end=\"431\">Her k\u00fc\u00e7\u00fck \u00e7aba de\u011ferlidir. D\u00fcnyam\u0131z\u0131 korumam\u0131za yard\u0131m etti\u011finiz i\u00e7in te\u015fekk\u00fcr ederiz.<\/p>\n<ul>\n<li><strong>L\u00fctfen rezervasyon i\u015flemi s\u0131ras\u0131nda do\u011fru misafir say\u0131s\u0131n\u0131 girdi\u011finizden emin olun. Rezervasyon eksik ki\u015fi say\u0131s\u0131 ile yap\u0131l\u0131rsa Ekstra \u00fccretler uygulan\u0131r. Hatal\u0131 bir \u015fekilde fazla girilen ki\u015fi say\u0131lar\u0131 mutlaka \u00f6nceden d\u00fczeltilmelidir. Check-in g\u00fcn\u00fc iade yap\u0131lamaz.<\/strong><\/li>\n<li>Otelimiz konaklama olarak ailelere ve \u00e7iftlere hizmet vermektedir. Yaln\u0131z olarak kad\u0131nlar ve erkekler konaklayabilir. Erkek gruplar\u0131n\u0131n konaklamas\u0131 kabul edilmemektedir.<\/li>\n<li><strong><u>Tesisimize evcil hayvan kabul edilmemektedir.<\/u><\/strong><\/li>\n<li><strong><u>Otelimizin odalar\u0131nda ve kapal\u0131 alanlar\u0131nda sigara i\u00e7ilmesine izin verilmemektedir. (Elektronik sigara, nargile vb. dahildir.)<\/u><\/strong><\/li>\n<li>Misafirlerimiz i\u00e7in havaliman\u0131 ve di\u011fer noktalardan \u00f6zel transfer hizmeti sa\u011flamaktay\u0131z. Rezervasyon ve \u00fccretlendirme i\u00e7in telefonla arayabilir veya e-mail g\u00f6nderebilirsiniz.<\/li>\n<li>Oda tipleri farkl\u0131 \u00f6zelliklere sahiptir. Detayl\u0131 bilgiyi odalar b\u00f6l\u00fcm\u00fcnde bulabilirsiniz. Check-in \u00f6ncesinde belirli bir oda numaras\u0131 garanti edilemez.<\/li>\n<li>Rezervasyon sonras\u0131nda misafirlerimize konaklama ile ilgili bilgileri i\u00e7eren bir onay formu g\u00f6nderilmektedir.<\/li>\n<li class=\"translation-block\">Apart b\u00f6l\u00fcm\u00fcnde (Garden Apart, Penthouse 1, Penthouse 2 ve Extra Odalar) konaklayan misafirlerimiz otel havuzunu \u00fccretsiz olarak kullanabilirler. Kahvalt\u0131, Ak\u015fam Yeme\u011fi, Plaj ve Temizlik hizmetleri i\u00e7in ekstra \u00f6deme yapmak zorundad\u0131rlar. \u00d6deme, \u00fccretler ve rezervasyon i\u00e7in resepsiyonla ileti\u015fime ge\u00e7ebilirsiniz.<\/li>\n<\/ul>\n<p>B) Konaklama s\u0131ras\u0131nda<\/p>\n<ul>\n<li>The reception is open 24\/7 during the summer season.<\/li>\n<li>Check-in saati 14:00, son check-out saati 11:00'dir.<\/li>\n<li>Sadece otel odalar\u0131na g\u00fcnl\u00fck olarak temizlik hizmeti verilmektedir. Temizlik saatleri 09:00-16:00.<\/li>\n<li>Penthouse 1, Penthouse 2 ve Garden Apart'ta konaklayan misafirlerden housekeeping hizmeti ekstra \u00fccretlendirilmekte olup, hizmetten yararlanmak i\u00e7in resepsiyona bilgi verilmesi gerekmektedir.<\/li>\n<li>Electricity consumption in the apartment unit is charged separately during the winter season. Please contact us for information on the current tariff.<\/li>\n<li>Yap\u0131lan rezervasyonlara var\u0131\u015f g\u00fcn\u00fc kahvalt\u0131 dahil de\u011fildir. Check-in g\u00fcn\u00fc kahvalt\u0131ya kat\u0131lmak isteyen konuklar\u0131n, m\u00fcsaitlik durumu ve fiyatland\u0131rma i\u00e7in otelle \u00f6nceden irtibata ge\u00e7meleri gerekmektedir.<\/li>\n<li>Otel odalar\u0131nda bulunan minibarlar, otel \u00fcr\u00fcnlerinin misafirlerimize sunulmas\u0131 i\u00e7indir. Buzdolab\u0131 olarak servis vermemektedir. Minibarda bulunmayan veya ambalaj\u0131 a\u00e7\u0131lm\u0131\u015f olan \u00fcr\u00fcnler oda hesab\u0131n\u0131za eklenecektir. L\u00fctfen kullanmad\u0131\u011f\u0131n\u0131z \u00fcr\u00fcnlerin yerini de\u011fi\u015ftirmeyin ve \u00fcr\u00fcnlerin kald\u0131r\u0131lmas\u0131n\u0131 istemeyin.<\/li>\n<li>Odalarda bulunan havlular banyo kullan\u0131m\u0131 i\u00e7indir. L\u00fctfen havuz ve plajda beyaz havlular\u0131 kullanmay\u0131n\u0131z. Bu durum hijyen a\u00e7\u0131s\u0131ndan sa\u011fl\u0131k riski olu\u015fturabilece\u011fi i\u00e7in uygun de\u011fildir. Otel havuzunda kullanmak i\u00e7in  havuz bardan havlu isteyebilirsiniz. Ayr\u0131ca havlu sat\u0131n almak istiyorsan\u0131z resepsiyon ile ileti\u015fime ge\u00e7ebilirsiniz.<\/li>\n<li>Konaklaman\u0131z s\u0131ras\u0131nda nevresim, havlu, \u00e7ar\u015faf, oda ekipmanlar\u0131 i\u00e7in \u00f6zenli olman\u0131z\u0131 rica ederiz. Maalesef kullan\u0131lamaz hale gelen her \u015fey d\u00fcnyam\u0131z i\u00e7in at\u0131k olmaktan ba\u015fka bir \u015feye yaram\u0131yor. Bu gibi durumlar i\u00e7in misafirlerimizi rahats\u0131z etmek istemiyoruz ancak geri d\u00f6n\u00fc\u015ft\u00fcrelemeyen durumlarda maalesef \u00fccret yans\u0131tmak zorunda kal\u0131yoruz ve d\u00fcnyam\u0131za at\u0131klar b\u0131rakm\u0131\u015f oluyoruz. Bu durum i\u00e7in sizden ekstra hassasiyet istemek durumunday\u0131z.<\/li>\n<li>Misafirin konaklamas\u0131 s\u0131ras\u0131nda, temizlik, tamirat, y\u0131kanm\u0131\u015f \u00e7ama\u015f\u0131rlar\u0131n b\u0131rak\u0131lmas\u0131, not b\u0131rak\u0131lmas\u0131, misafir isteklerinin kar\u015f\u0131lanmas\u0131 gibi talepler i\u00e7in otel personeli oda kap\u0131s\u0131n\u0131 \u00e7alabilir ve misafir odada bulunmuyorsa gerekli i\u015flemler yap\u0131labilir.<\/li>\n<li>Spor salonu \u00e7al\u0131\u015fma saati 08:00-21:00<\/li>\n<li>Kahvalt\u0131 dahil konaklama se\u00e7eneklerinde alkoll\u00fc ve alkols\u00fcz i\u00e7ecekler ekstra olarak \u00fccretlendirilir.<\/li>\n<li>Due to environmental factors, not all amenities and facilities at the hotel may be available during the winter season. Please contact the hotel directly via email or WhatsApp for detailed information.<\/li>\n<\/ul>\n<p><strong><u>Sabah kahvalt\u0131s\u0131 hizmetleri, misafir say\u0131s\u0131na g\u00f6re alakart, a\u00e7\u0131k b\u00fcfe veya fiks men\u00fc olarak sunulabilir.<\/u><\/strong><\/p>\n<p>Otelimizde konaklama hizmeti d\u0131\u015f\u0131nda;<\/p>\n<ul>\n<li>Deniz suyu havuzu (A\u00e7\u0131k Havuz)<\/li>\n<li>Restoran (Yar\u0131m pansiyon d\u0131\u015f\u0131nda konaklayan misafirler i\u00e7in ak\u015fam yeme\u011fi rezervasyonu gereklidir.)<\/li>\n<li>Bar (\u00dccretli)<\/li>\n<li>\u00c7ama\u015f\u0131rhane (\u00dccretli)<\/li>\n<li>Bilardo salonu (\u00dccretsiz)<\/li>\n<li>Minibar (\u00dccretli)<\/li>\n<li>\u00c7ocuk oyun alan\u0131 (\u00dccretsiz)<\/li>\n<li>Fitness (\u00dccretsiz)<\/li>\n<li>\u00dccretsiz Plaj Giri\u015f Bileti (Sadece Anla\u015fmal\u0131 Plaj \u0130\u00e7in)<\/li>\n<li>Transfer (\u00dccretli)<\/li>\n<\/ul>\n<p>Hizmetler sunulur.<\/p>\n<p>Maalesef tesisimize ait bir otopark\u0131m\u0131z bulunmamaktad\u0131r. Otopark i\u00e7in otel \u00e7evresini kullanabilirsiniz.<\/p>\n\n\t\t<\/div>\n\t<\/div>\n<\/div><\/div><\/div><\/div>\n<\/div>","protected":false},"excerpt":{"rendered":"As Soothe Hotel, we are excited to welcome you, our valued guests, at the Kalamar Bay destination in Antalya province Ka\u015f \/ Kalkan town with a magnificent view. Dear guests, we kindly request that our guests staying at our hotel read the During the Stay section first, and our guests who want to make a [...]","protected":false},"author":1,"featured_media":0,"parent":0,"menu_order":0,"comment_status":"closed","ping_status":"closed","template":"","meta":{"inline_featured_image":false,"advanced_seo_description":"","jetpack_seo_html_title":"","jetpack_seo_noindex":false,"footnotes":""},"class_list":["post-1206","page","type-page","status-publish","hentry"],"jetpack_sharing_enabled":true,"_links":{"self":[{"href":"https:\/\/soothehotels.com\/tr\/wp-json\/wp\/v2\/pages\/1206","targetHints":{"allow":["GET"]}}],"collection":[{"href":"https:\/\/soothehotels.com\/tr\/wp-json\/wp\/v2\/pages"}],"about":[{"href":"https:\/\/soothehotels.com\/tr\/wp-json\/wp\/v2\/types\/page"}],"author":[{"embeddable":true,"href":"https:\/\/soothehotels.com\/tr\/wp-json\/wp\/v2\/users\/1"}],"replies":[{"embeddable":true,"href":"https:\/\/soothehotels.com\/tr\/wp-json\/wp\/v2\/comments?post=1206"}],"version-history":[{"count":16,"href":"https:\/\/soothehotels.com\/tr\/wp-json\/wp\/v2\/pages\/1206\/revisions"}],"predecessor-version":[{"id":3764,"href":"https:\/\/soothehotels.com\/tr\/wp-json\/wp\/v2\/pages\/1206\/revisions\/3764"}],"wp:attachment":[{"href":"https:\/\/soothehotels.com\/tr\/wp-json\/wp\/v2\/media?parent=1206"}],"curies":[{"name":"wp","href":"https:\/\/api.w.org\/{rel}","templated":true}]}}