{"id":1005,"date":"2018-05-17T21:51:35","date_gmt":"2018-05-17T21:51:35","guid":{"rendered":"http:\/\/demo.zantetheme.com\/?page_id=1005"},"modified":"2023-06-11T10:30:42","modified_gmt":"2023-06-11T07:30:42","slug":"privacy-policy-2","status":"publish","type":"page","link":"https:\/\/soothehotels.com\/tr\/privacy-policy-2\/","title":{"rendered":"Gizlilik Politikas\u0131"},"content":{"rendered":"<h2>Biz Kimiz<\/h2>\n<p>Web sitemizin adresi <a href=\"https:\/\/soothehotels.com\/tr\/\">https:\/\/soothehotels.com<\/a>.<\/p>\n<h2>Yorumlar<\/h2>\n<p>Ziyaret\u00e7iler sitede yorum b\u0131rakt\u0131\u011f\u0131nda, spam tespitine yard\u0131mc\u0131 olmak i\u00e7in yorum formunda g\u00f6sterilen verileri ve ayr\u0131ca ziyaret\u00e7inin IP adresini ve taray\u0131c\u0131 kullan\u0131c\u0131 arac\u0131s\u0131 dizesini toplar\u0131z.<\/p>\n<p>Gravatar hizmetine, kullan\u0131p kullanmad\u0131\u011f\u0131n\u0131z\u0131 g\u00f6rmek i\u00e7in e-posta adresinizden (karma olarak da adland\u0131r\u0131l\u0131r) olu\u015fturulan anonimle\u015ftirilmi\u015f bir dize sa\u011flanabilir. Gravatar hizmeti Gizlilik Politikas\u0131 burada mevcuttur: <a href=\"https:\/\/automattic.com\/privacy\/\" rel=\"nofollow\">https:\/\/automattic.com\/privacy\/<\/a>Yorumunuz onayland\u0131ktan sonra, profil resminiz yorumunuz ba\u011flam\u0131nda herkese g\u00f6r\u00fcn\u00fcr.<\/p>\n<h2>Medya<\/h2>\n<p>G\u00f6r\u00fcnt\u00fcleri web sitesine y\u00fcklerseniz, kat\u0131\u015ft\u0131r\u0131lm\u0131\u015f konum verileri (EXIF GPS) i\u00e7eren g\u00f6r\u00fcnt\u00fcleri y\u00fcklemekten ka\u00e7\u0131nmal\u0131s\u0131n\u0131z. Web sitesini ziyaret edenler, web sitesindeki resimlerden herhangi bir konum verisini indirebilir ve \u00e7\u0131karabilir.<\/p>\n<h2>\u00c7erezler<\/h2>\n<p>Sitemize bir yorum b\u0131rak\u0131rsan\u0131z, ad\u0131n\u0131z\u0131, e-posta adresinizi ve web sitenizi tan\u0131mlama bilgilerine kaydetmeyi se\u00e7ebilirsiniz. Bunlar size kolayl\u0131k sa\u011flamak i\u00e7indir, b\u00f6ylece ba\u015fka bir yorum b\u0131rakt\u0131\u011f\u0131n\u0131zda bilgilerinizi tekrar doldurmak zorunda kalmazs\u0131n\u0131z. Bu tan\u0131mlama bilgileri bir y\u0131l s\u00fcreyle ge\u00e7erli olacakt\u0131r.<\/p>\n<p>Giri\u015f sayfam\u0131z\u0131 ziyaret ederseniz, taray\u0131c\u0131n\u0131z\u0131n \u00e7erezleri kabul edip etmedi\u011fini belirlemek i\u00e7in ge\u00e7ici bir \u00e7erez ayarlayaca\u011f\u0131z. Bu \u00e7erez hi\u00e7bir ki\u015fisel veri i\u00e7ermez ve taray\u0131c\u0131n\u0131z\u0131 kapatt\u0131\u011f\u0131n\u0131zda at\u0131l\u0131r.<\/p>\n<p>Giri\u015f yapt\u0131\u011f\u0131n\u0131zda, giri\u015f bilgilerinizi ve ekran g\u00f6r\u00fcnt\u00fcleme se\u00e7eneklerinizi kaydetmek i\u00e7in birka\u00e7 \u00e7erez de kuraca\u011f\u0131z. Giri\u015f tan\u0131mlama bilgileri iki g\u00fcn, ekran se\u00e7enekleri tan\u0131mlama bilgileri ise bir y\u0131l s\u00fcreyle saklan\u0131r. \"Beni Hat\u0131rla\" se\u00e7ene\u011fini se\u00e7erseniz, oturum a\u00e7ma bilgileriniz iki hafta boyunca devam eder. Hesab\u0131n\u0131zdan \u00e7\u0131k\u0131\u015f yaparsan\u0131z, giri\u015f \u00e7erezleri kald\u0131r\u0131lacakt\u0131r.<\/p>\n<p>Bir makaleyi d\u00fczenler veya yay\u0131nlarsan\u0131z, taray\u0131c\u0131n\u0131za ek bir \u00e7erez kaydedilir. Bu tan\u0131mlama bilgisi hi\u00e7bir ki\u015fisel veri i\u00e7ermez ve yaln\u0131zca d\u00fczenledi\u011finiz makalenin g\u00f6nderi kimli\u011fini g\u00f6sterir. 1 g\u00fcn sonra sona eriyor.<\/p>\n<h2>Di\u011fer web sitelerinden g\u00f6m\u00fcl\u00fc i\u00e7erik<\/h2>\n<p>Bu sitedeki makaleler g\u00f6m\u00fcl\u00fc i\u00e7erik (\u00f6r. videolar, resimler, makaleler vb.) i\u00e7erebilir. Di\u011fer web sitelerinden g\u00f6m\u00fclen i\u00e7erik, ziyaret\u00e7inin di\u011fer web sitesini ziyaret etmi\u015f gibi tamamen ayn\u0131 \u015fekilde davran\u0131r.<\/p>\n<p>Bu web siteleri sizin hakk\u0131n\u0131zda veri toplayabilir, tan\u0131mlama bilgileri kullanabilir, \u00fc\u00e7\u00fcnc\u00fc taraf taraf\u0131ndan g\u00f6m\u00fclm\u00fc\u015f \u015fekilde izleme yapabilir ve bir hesab\u0131n\u0131z varsa ve o web sitesinde oturum a\u00e7t\u0131ysan\u0131z, g\u00f6m\u00fclen i\u00e7erikle etkile\u015fiminizi izlemek dahil olmak \u00fczere, bu g\u00f6m\u00fclen i\u00e7erikle etkile\u015fiminizi izleyebilir.<\/p>\n<h2>Verilerinizi kimlerle payla\u015f\u0131yoruz<\/h2>\n<p>Parola s\u0131f\u0131rlama talebinde bulunursan\u0131z, IP adresiniz s\u0131f\u0131rlama e-postas\u0131na dahil edilecektir.<\/p>\n<h2>Verilerinizi ne kadar s\u00fcreyle saklar\u0131z?<\/h2>\n<p>Bir yorum b\u0131rak\u0131rsan\u0131z, yorum ve meta verileri s\u00fcresiz olarak saklan\u0131r. Bu, herhangi bir takip yorumunu denetleme kuyru\u011funda tutmak yerine otomatik olarak tan\u0131yabilmemiz ve onaylayabilmemiz i\u00e7indir.<\/p>\n<p>Web sitemize (varsa) kaydolan kullan\u0131c\u0131lar i\u00e7in, sa\u011flad\u0131klar\u0131 ki\u015fisel bilgileri de kullan\u0131c\u0131 profillerinde saklar\u0131z. T\u00fcm kullan\u0131c\u0131lar ki\u015fisel bilgilerini istedikleri zaman g\u00f6rebilir, d\u00fczenleyebilir veya silebilir (kullan\u0131c\u0131 adlar\u0131n\u0131 de\u011fi\u015ftirememeleri d\u0131\u015f\u0131nda). Web sitesi y\u00f6neticileri de bu bilgileri g\u00f6rebilir ve d\u00fczenleyebilir.<\/p>\n<h2>Verileriniz \u00fczerinde hangi haklara sahipsiniz?<\/h2>\n<p>Bu sitede bir hesab\u0131n\u0131z varsa veya yorum b\u0131rakt\u0131ysan\u0131z, bize sa\u011flad\u0131\u011f\u0131n\u0131z veriler de dahil olmak \u00fczere, hakk\u0131n\u0131zda tuttu\u011fumuz ki\u015fisel verilerin d\u0131\u015fa aktar\u0131lm\u0131\u015f bir dosyas\u0131n\u0131 almay\u0131 talep edebilirsiniz. Ayr\u0131ca, hakk\u0131n\u0131zda tuttu\u011fumuz t\u00fcm ki\u015fisel verileri silmemizi talep edebilirsiniz. Bu, idari, yasal veya g\u00fcvenlik ama\u00e7lar\u0131yla saklamak zorunda oldu\u011fumuz hi\u00e7bir veriyi i\u00e7ermez.<\/p>\n<h2>Verileriniz nereye g\u00f6nderilir?<\/h2>\n<p>Ziyaret\u00e7i yorumlar\u0131, otomatik spam alg\u0131lama hizmeti arac\u0131l\u0131\u011f\u0131yla kontrol edilebilir.<\/p>\n<h3>Youtube<\/h3>\n<p>Web sitemiz, Google taraf\u0131ndan i\u015fletilen YouTube'dan eklentiler kullan\u0131r. Sayfalar\u0131n operat\u00f6r\u00fc YouTube LLC, 901 Cherry Ave., San Bruno, CA 94066, ABD'dir.<\/p>\n<p>Bir YouTube eklentisi i\u00e7eren sayfalar\u0131m\u0131zdan birini ziyaret ederseniz, YouTube sunucular\u0131na bir ba\u011flant\u0131 kurulur. Burada YouTube sunucusuna hangi sayfalar\u0131m\u0131z\u0131 ziyaret etti\u011finiz bildirilir.<\/p>\n<p>YouTube hesab\u0131n\u0131zda oturum a\u00e7t\u0131ysan\u0131z YouTube, g\u00f6z atma davran\u0131\u015f\u0131n\u0131z\u0131 do\u011frudan ki\u015fisel profilinizle ili\u015fkilendirmenize olanak tan\u0131r. YouTube hesab\u0131n\u0131zdan \u00e7\u0131k\u0131\u015f yaparak bunu \u00f6nleyebilirsiniz.<\/p>\n<p>YouTube, web sitemizi \u00e7ekici k\u0131lmak i\u00e7in kullan\u0131l\u0131r. Bu, Sanat uyar\u0131nca hakl\u0131 bir menfaat te\u015fkil eder. 6 (1) (f) DSGVO.<\/p>\n<p>Kullan\u0131c\u0131 verilerinin i\u015flenmesi hakk\u0131nda daha fazla bilgi, YouTube'un a\u015fa\u011f\u0131daki veri koruma beyan\u0131nda bulunabilir.&nbsp;<a href=\"https:\/\/www.google.de\/intl\/de\/policies\/privacy\" target=\"_blank\" rel=\"noopener\">https:\/\/www.google.de\/intl\/de\/policies\/privacy<\/a>.<\/p>\n<h3>Vimeo<\/h3>\n<p>Web sitemiz, Vimeo video portal\u0131 taraf\u0131ndan sa\u011flanan \u00f6zellikleri kullan\u0131r. Bu hizmet Vimeo Inc., 555 West 18th Street, New York, New York 10011, ABD taraf\u0131ndan sa\u011flanmaktad\u0131r.<\/p>\n<p>Vimeo eklentisi i\u00e7eren sayfalar\u0131m\u0131zdan birini ziyaret ederseniz, Vimeo sunucular\u0131na bir ba\u011flant\u0131 kurulur. Burada Vimeo sunucusuna hangi sayfalar\u0131m\u0131z\u0131 ziyaret etti\u011finiz bildirilir. Ek olarak, Vimeo IP adresinizi alacakt\u0131r. Bu, eklentimizi ziyaret etti\u011finizde Vimeo'da oturum a\u00e7mad\u0131ysan\u0131z veya bir Vimeo hesab\u0131n\u0131z yoksa da ge\u00e7erlidir. Bilgiler, depoland\u0131\u011f\u0131 ABD'deki bir Vimeo sunucusuna iletilir.<\/p>\n<p>Vimeo hesab\u0131n\u0131zda oturum a\u00e7t\u0131ysan\u0131z, Vimeo, gezinme davran\u0131\u015f\u0131n\u0131z\u0131 do\u011frudan ki\u015fisel profilinizle ili\u015fkilendirmenize olanak tan\u0131r. Vimeo hesab\u0131n\u0131zdan \u00e7\u0131k\u0131\u015f yaparak bunu \u00f6nleyebilirsiniz.<\/p>\n<p>Kullan\u0131c\u0131 verilerinin nas\u0131l i\u015flenece\u011fi hakk\u0131nda daha fazla bilgi i\u00e7in l\u00fctfen \u015fu adresteki Vimeo Gizlilik Politikas\u0131na&nbsp;<a href=\"https:\/\/vimeo.com\/privacy\" target=\"_blank\" rel=\"noopener\">https:\/\/vimeo.com\/privacy<\/a>.<\/p>\n<h3>Google Web Yaz\u0131 Tipleri<\/h3>\n<p>Yaz\u0131 tiplerinin tek tip g\u00f6sterimi i\u00e7in bu sayfa, Google taraf\u0131ndan sa\u011flanan web yaz\u0131 tiplerini kullan\u0131r. Bir sayfay\u0131 a\u00e7t\u0131\u011f\u0131n\u0131zda, metinleri ve yaz\u0131 tiplerini do\u011fru \u015fekilde g\u00f6r\u00fcnt\u00fclemek i\u00e7in taray\u0131c\u0131n\u0131z gerekli web yaz\u0131 tiplerini taray\u0131c\u0131 \u00f6nbelle\u011finize y\u00fckler.<\/p>\n<p>Bu ama\u00e7la, taray\u0131c\u0131n\u0131z\u0131n Google sunucular\u0131na do\u011frudan bir ba\u011flant\u0131 kurmas\u0131 gerekir. B\u00f6ylece Google, web sayfam\u0131za IP adresiniz \u00fczerinden eri\u015fildi\u011fini fark eder. Google Web yaz\u0131 tiplerinin kullan\u0131m\u0131, eklentimizin tek tip ve \u00e7ekici bir sunumu i\u00e7in yap\u0131l\u0131r. Bu, Sanat uyar\u0131nca hakl\u0131 bir menfaat te\u015fkil eder. 6 (1) (f) DSGVO.<\/p>\n<p>Taray\u0131c\u0131n\u0131z web yaz\u0131 tiplerini desteklemiyorsa, bilgisayar\u0131n\u0131z taraf\u0131ndan standart bir yaz\u0131 tipi kullan\u0131l\u0131r.<\/p>\n<p>Kullan\u0131c\u0131 verilerinin i\u015flenmesi hakk\u0131nda daha fazla bilgi \u015fu adreste bulunabilir&nbsp;<a href=\"https:\/\/developers.google.com\/fonts\/faq\" target=\"_blank\" rel=\"noopener\">https:\/\/developers.google.com\/fonts\/faq<\/a>&nbsp;Google'\u0131n \u015fu adresteki gizlilik politikas\u0131nda&nbsp;<a href=\"https:\/\/www.google.com\/policies\/privacy\/\" target=\"_blank\" rel=\"noopener\">https:\/\/www.google.com\/policies\/privacy\/<\/a>.<\/p>\n<h3>SoundCloud<\/h3>\n<p>Sayfalar\u0131m\u0131zda, SoundCloud sosyal a\u011f\u0131n\u0131n eklentileri (SoundCloud Limited, Berners House, 47-48 Berners Street, London W1T 3NF, UK) entegre edilebilir. SoundCloud eklentileri, sitemizdeki SoundCloud logosundan tan\u0131nabilir.<\/p>\n<p>Sitemizi ziyaret etti\u011finizde, eklenti arac\u0131l\u0131\u011f\u0131yla taray\u0131c\u0131n\u0131z ile SoundCloud sunucusu aras\u0131nda do\u011frudan bir ba\u011flant\u0131 kurulur. Bu, SoundCloud'un IP adresinizden sitemizi ziyaret etti\u011finiz bilgisini almas\u0131n\u0131 sa\u011flar. SoundCloud hesab\u0131n\u0131zda oturumunuz a\u00e7\u0131kken \u201cBe\u011fen\u201d veya \u201cPayla\u015f\u201d butonlar\u0131na t\u0131klarsan\u0131z, sayfalar\u0131m\u0131z\u0131n i\u00e7eri\u011fini SoundCloud profilinize ba\u011flayabilirsiniz. Bu, SoundCloud'un sayfalar\u0131m\u0131za yap\u0131lan ziyaretleri kullan\u0131c\u0131 hesab\u0131n\u0131zla ili\u015fkilendirebilece\u011fi anlam\u0131na gelir. Bu sayfalar\u0131n sa\u011flay\u0131c\u0131s\u0131 olarak, iletilen verilerin i\u00e7eri\u011fi veya SoundCloud taraf\u0131ndan nas\u0131l kullan\u0131laca\u011f\u0131 hakk\u0131nda hi\u00e7bir bilgimiz olmad\u0131\u011f\u0131n\u0131 belirtmek isteriz. SoundCloud'un gizlilik politikas\u0131 hakk\u0131nda daha fazla bilgi i\u00e7in l\u00fctfen \u015fu adrese gidin: <a href=\"https:\/\/soundcloud.com\/pages\/privacy\" rel=\"nofollow\">https:\/\/soundcloud.com\/pages\/privacy<\/a>.<\/p>\n<p>SoundCloud'un sitemizi ziyaretinizi SoundCloud hesab\u0131n\u0131zla ili\u015fkilendirmesini istemiyorsan\u0131z, l\u00fctfen SoundCloud hesab\u0131n\u0131zdan \u00e7\u0131k\u0131\u015f yap\u0131n.<\/p>","protected":false},"excerpt":{"rendered":"<p>Who we are Our website address is: <a href=\"https:\/\/soothehotels.com\">https:\/\/soothehotels.com<\/a>. Comments When visitors leave comments on the site we collect the data shown in the comments form, and also the visitor\u2019s IP address and browser user agent string to help spam detection. An anonymised string created from your email address (also called a hash) may be provided [&hellip;]<\/p>\n","protected":false},"author":1,"featured_media":0,"parent":0,"menu_order":0,"comment_status":"closed","ping_status":"closed","template":"","meta":{"inline_featured_image":false,"advanced_seo_description":"","jetpack_seo_html_title":"","jetpack_seo_noindex":false,"footnotes":""},"class_list":["post-1005","page","type-page","status-publish","hentry"],"jetpack_sharing_enabled":true,"_links":{"self":[{"href":"https:\/\/soothehotels.com\/tr\/wp-json\/wp\/v2\/pages\/1005","targetHints":{"allow":["GET"]}}],"collection":[{"href":"https:\/\/soothehotels.com\/tr\/wp-json\/wp\/v2\/pages"}],"about":[{"href":"https:\/\/soothehotels.com\/tr\/wp-json\/wp\/v2\/types\/page"}],"author":[{"embeddable":true,"href":"https:\/\/soothehotels.com\/tr\/wp-json\/wp\/v2\/users\/1"}],"replies":[{"embeddable":true,"href":"https:\/\/soothehotels.com\/tr\/wp-json\/wp\/v2\/comments?post=1005"}],"version-history":[{"count":4,"href":"https:\/\/soothehotels.com\/tr\/wp-json\/wp\/v2\/pages\/1005\/revisions"}],"predecessor-version":[{"id":2896,"href":"https:\/\/soothehotels.com\/tr\/wp-json\/wp\/v2\/pages\/1005\/revisions\/2896"}],"wp:attachment":[{"href":"https:\/\/soothehotels.com\/tr\/wp-json\/wp\/v2\/media?parent=1005"}],"curies":[{"name":"wp","href":"https:\/\/api.w.org\/{rel}","templated":true}]}}